{"id":370,"date":"2020-03-03T07:21:51","date_gmt":"2020-03-03T07:21:51","guid":{"rendered":"http:\/\/www.dermaderm.com.tr\/index.php\/about\/"},"modified":"2023-09-07T22:48:12","modified_gmt":"2023-09-07T22:48:12","slug":"about","status":"publish","type":"page","link":"http:\/\/www.dermaderm.com.tr\/index.php\/about\/","title":{"rendered":"Hakk\u0131m\u0131zda"},"content":{"rendered":"\t\t<div data-elementor-type=\"wp-page\" data-elementor-id=\"370\" class=\"elementor elementor-370\">\n\t\t\t\t\t\t\t\t\t<section class=\"elementor-section elementor-top-section elementor-element elementor-element-462e974 elementor-reverse-tablet elementor-reverse-mobile elementor-section-boxed elementor-section-height-default elementor-section-height-default\" data-id=\"462e974\" data-element_type=\"section\">\n\t\t\t\t\t\t<div class=\"elementor-container elementor-column-gap-default\">\n\t\t\t\t\t<div class=\"aux-parallax-section elementor-column elementor-col-50 elementor-top-column elementor-element elementor-element-7aab943\" data-id=\"7aab943\" data-element_type=\"column\">\n\t\t\t<div class=\"elementor-widget-wrap elementor-element-populated\">\n\t\t\t\t\t\t\t\t<div class=\"elementor-element elementor-element-ed02dcb aux-appear-watch-animation aux-fade-in-up elementor-widget elementor-widget-aux_modern_heading\" data-id=\"ed02dcb\" data-element_type=\"widget\" data-widget_type=\"aux_modern_heading.default\">\n\t\t\t\t<div class=\"elementor-widget-container\">\n\t\t\t<section class=\"aux-widget-modern-heading\">\n            <div class=\"aux-widget-inner\"><h2 class=\"aux-modern-heading-primary\">DERMADERM<\/h2><h3 class=\"aux-modern-heading-secondary\"><span class=\"aux-head-highlight\">BEAUTY PALACE<\/span><\/h3><div class=\"aux-modern-heading-description\"><p>Dermaderm, Gebze'de bulunan uzman ekipleriyle birlikte lazer epilasyon, cilt bak\u0131m\u0131, and\u00fclasyon terapisi, masaj, kal\u0131c\u0131 makyaj, so\u011fuk lipoliz, ayak ve t\u0131rnak bak\u0131m\u0131 gibi \u00e7e\u015fitli hizmetler sunmaktad\u0131r.<\/p><p>Kaliteli hizmet anlay\u0131\u015f\u0131 ve profesyonel ekibimizle, m\u00fc\u015fterilerimize rahat, konforlu ve \u00f6zenli bir hizmet sunmaktay\u0131z. Rezervasyon, detayl\u0131 bilgi i\u00e7in bizimle ileti\u015fime ge\u00e7ebilirsiniz.<\/p><\/div><\/div>\n        <\/section>\t\t<\/div>\n\t\t\t\t<\/div>\n\t\t\t\t<div class=\"elementor-element elementor-element-f465336 elementor-widget__width-auto elementor-hidden-phone aux-appear-watch-animation aux-mask-from-left elementor-widget elementor-widget-aux_image\" data-id=\"f465336\" data-element_type=\"widget\" data-widget_type=\"aux_image.default\">\n\t\t\t\t<div class=\"elementor-widget-container\">\n\t\t\t<section class=\"widget-container aux-widget-image aux-alignnone aux-parent-au2c345e8a\">\n    <div class=\"aux-media-hint-frame \">\n        <div class=\"aux-media-image \" >\n        \n            \n\n            \n            <img decoding=\"async\" loading=\"lazy\" width=\"4855\" height=\"1921\" src=\"http:\/\/www.dermaderm.com.tr\/wp-content\/uploads\/2023\/03\/kisspng-signature-clip-art-signature-5aacc16b0f2db5.5815282815212711470622-40x16.png\" class=\"aux-attachment aux-featured-image aux-attachment-id-454 aux-preload aux-has-preview\" alt=\"kisspng-signature-clip-art-signature-5aacc16b0f2db5.5815282815212711470622\" data-ratio=\"2.53\" data-original-w=\"4855\" data-src=\"http:\/\/www.dermaderm.com.tr\/wp-content\/uploads\/2023\/03\/kisspng-signature-clip-art-signature-5aacc16b0f2db5.5815282815212711470622.png\" \/>            \n                <\/div>\n    <\/div>\n\n<\/section><!-- widget-container -->\t\t<\/div>\n\t\t\t\t<\/div>\n\t\t\t\t<div class=\"elementor-element elementor-element-f089ef1 elementor-hidden-tablet elementor-hidden-phone aux-appear-watch-animation aux-fade-in-left-1 elementor-widget elementor-widget-aux_simple_svg\" data-id=\"f089ef1\" data-element_type=\"widget\" data-widget_type=\"aux_simple_svg.default\">\n\t\t\t\t<div class=\"elementor-widget-container\">\n\t\t\t    <div class=\"aux-widget-container aux-simple-svg-container\">\n        <div class=\"aux-widget-container-inner\">\n            <div class=\"aux-the-svg\"> <svg width=\"596\" height=\"786\">\n  <rect x=\"0\" y=\"0\" rx=\"0\" ry=\"0\" width=\"596\" height=\"786\" style=\"fill:#f6f6f6;opacity:1\" \/>\n<\/svg> <\/div>\n        <\/div>\n    <\/div>\n    \t\t<\/div>\n\t\t\t\t<\/div>\n\t\t\t\t\t<\/div>\n\t\t<\/div>\n\t\t\t\t<div class=\"aux-parallax-section elementor-column elementor-col-50 elementor-top-column elementor-element elementor-element-dd44cd4\" data-id=\"dd44cd4\" data-element_type=\"column\">\n\t\t\t<div class=\"elementor-widget-wrap elementor-element-populated\">\n\t\t\t\t\t\t\t\t<div class=\"elementor-element elementor-element-b9054c0 aux-appear-watch-animation aux-mask-from-left elementor-widget elementor-widget-aux_image\" data-id=\"b9054c0\" data-element_type=\"widget\" data-widget_type=\"aux_image.default\">\n\t\t\t\t<div class=\"elementor-widget-container\">\n\t\t\t<section class=\"widget-container aux-widget-image aux-alignnone aux-parent-aucb8562b0\">\n    <div class=\"aux-media-hint-frame \">\n        <div class=\"aux-media-image \" >\n        \n            \n\n            \n            <img decoding=\"async\" loading=\"lazy\" width=\"475\" height=\"428\" src=\"http:\/\/www.dermaderm.com.tr\/wp-content\/uploads\/2023\/03\/beauty-girl-face-close-up-with-blue-lips-P8AL6ZR-40x40.png\" class=\"aux-attachment aux-featured-image aux-attachment-id-388 aux-preload aux-has-preview\" alt=\"beauty-girl-face-close-up-with-blue-lips-P8AL6ZR\" data-ratio=\"1\" data-original-w=\"475\" sizes=\"auto\" data-srcset=\"http:\/\/www.dermaderm.com.tr\/wp-content\/uploads\/2023\/03\/beauty-girl-face-close-up-with-blue-lips-P8AL6ZR-150x150.png 150w,http:\/\/www.dermaderm.com.tr\/wp-content\/uploads\/2023\/03\/beauty-girl-face-close-up-with-blue-lips-P8AL6ZR-300x300.png 300w,http:\/\/www.dermaderm.com.tr\/wp-content\/uploads\/2023\/03\/beauty-girl-face-close-up-with-blue-lips-P8AL6ZR.png 475w\" data-src=\"http:\/\/www.dermaderm.com.tr\/wp-content\/uploads\/2023\/03\/beauty-girl-face-close-up-with-blue-lips-P8AL6ZR.png\" \/>            \n                <\/div>\n    <\/div>\n\n<\/section><!-- widget-container -->\t\t<\/div>\n\t\t\t\t<\/div>\n\t\t\t\t\t<\/div>\n\t\t<\/div>\n\t\t\t\t\t\t\t<\/div>\n\t\t<\/section>\n\t\t\t\t<section class=\"elementor-section elementor-top-section elementor-element elementor-element-8880c32 elementor-section-boxed elementor-section-height-default elementor-section-height-default\" data-id=\"8880c32\" data-element_type=\"section\">\n\t\t\t\t\t\t<div class=\"elementor-container elementor-column-gap-no\">\n\t\t\t\t\t<div class=\"aux-parallax-section elementor-column elementor-col-100 elementor-top-column elementor-element elementor-element-ae0a087\" data-id=\"ae0a087\" data-element_type=\"column\">\n\t\t\t<div class=\"elementor-widget-wrap elementor-element-populated\">\n\t\t\t\t\t\t\t\t<div class=\"elementor-element elementor-element-9965b6d aux-appear-watch-animation aux-fade-in-right-2 elementor-widget elementor-widget-aux_modern_heading\" data-id=\"9965b6d\" data-element_type=\"widget\" data-widget_type=\"aux_modern_heading.default\">\n\t\t\t\t<div class=\"elementor-widget-container\">\n\t\t\t<section class=\"aux-widget-modern-heading\">\n            <div class=\"aux-widget-inner\"><h2 class=\"aux-modern-heading-primary\">Ekibimiz<\/h2><\/div>\n        <\/section>\t\t<\/div>\n\t\t\t\t<\/div>\n\t\t\t\t<section class=\"elementor-section elementor-inner-section elementor-element elementor-element-178691d elementor-section-boxed elementor-section-height-default elementor-section-height-default\" data-id=\"178691d\" data-element_type=\"section\">\n\t\t\t\t\t\t<div class=\"elementor-container elementor-column-gap-no\">\n\t\t\t\t\t<div class=\"aux-parallax-section elementor-column elementor-col-33 elementor-inner-column elementor-element elementor-element-d6a5271\" data-id=\"d6a5271\" data-element_type=\"column\">\n\t\t\t<div class=\"elementor-widget-wrap elementor-element-populated\">\n\t\t\t\t\t\t\t\t<div class=\"elementor-element elementor-element-d2cd852 aux-appear-watch-animation aux-scale-up elementor-widget elementor-widget-aux_staff\" data-id=\"d2cd852\" data-element_type=\"widget\" data-widget_type=\"aux_staff.default\">\n\t\t\t\t<div class=\"elementor-widget-container\">\n\t\t\t<section class=\"aux-wrap-style-simple widget-container aux-widget-staff aux-parent-au6c2da8e7\">    <div class=\"aux-staff-container aux-staff-pos-top aux-staff-text-left aux-staff-text-dark \" >\n            <div class=\"aux-staff-header aux-staff-img-rect\">\n            <div class=\"aux-media-image\"><img decoding=\"async\" loading=\"lazy\" width=\"386\" height=\"543\" src=\"http:\/\/www.dermaderm.com.tr\/wp-content\/uploads\/2023\/03\/beautiful-dark-blonde-girl-with-naturalXFB-makeup-A4ZPE6X-40x56.png\" class=\" aux-preload aux-has-preview\" alt=\"beautiful-dark-blonde-girl-with-naturalXFB-makeup-A4ZPE6X\" data-ratio=\"0.71\" data-original-w=\"386\" data-src=\"http:\/\/www.dermaderm.com.tr\/wp-content\/uploads\/2023\/03\/beautiful-dark-blonde-girl-with-naturalXFB-makeup-A4ZPE6X.png\" \/><\/div>        <\/div>\n            <div class=\"aux-staff-content\">\n                        <h4 class=\"col-title\">Hanga Johnson<\/h4>\n                        <h5 class=\"col-subtitle\">Management Salon<\/h5>\n                    <\/div>\n\n    <\/div>\n\n\n<\/section><!-- widget-container -->\t\t<\/div>\n\t\t\t\t<\/div>\n\t\t\t\t<div class=\"elementor-element elementor-element-3e461d6 elementor-widget__width-auto aux-appear-watch-animation aux-mask-from-top elementor-widget elementor-widget-aux_simple_svg\" data-id=\"3e461d6\" data-element_type=\"widget\" data-widget_type=\"aux_simple_svg.default\">\n\t\t\t\t<div class=\"elementor-widget-container\">\n\t\t\t    <div class=\"aux-widget-container aux-simple-svg-container\">\n        <div class=\"aux-widget-container-inner\">\n            <div class=\"aux-the-svg\"> <svg width=\"295\" height=\"543\">\n  <rect x=\"0\" y=\"0\" rx=\"0\" ry=\"0\" width=\"295\" height=\"543\" style=\"fill:#fbe2dc;opacity:1\" \/>\n<\/svg> <\/div>\n        <\/div>\n    <\/div>\n    \t\t<\/div>\n\t\t\t\t<\/div>\n\t\t\t\t\t<\/div>\n\t\t<\/div>\n\t\t\t\t<div class=\"aux-parallax-section elementor-column elementor-col-33 elementor-inner-column elementor-element elementor-element-e48a449\" data-id=\"e48a449\" data-element_type=\"column\">\n\t\t\t<div class=\"elementor-widget-wrap elementor-element-populated\">\n\t\t\t\t\t\t\t\t<div class=\"elementor-element elementor-element-5a1fb58 aux-appear-watch-animation aux-scale-up elementor-widget elementor-widget-aux_staff\" data-id=\"5a1fb58\" data-element_type=\"widget\" data-widget_type=\"aux_staff.default\">\n\t\t\t\t<div class=\"elementor-widget-container\">\n\t\t\t<section class=\"aux-wrap-style-simple widget-container aux-widget-staff aux-parent-auf5a3e936\">    <div class=\"aux-staff-container aux-staff-pos-top aux-staff-text-left aux-staff-text-dark \" >\n            <div class=\"aux-staff-header aux-staff-img-rect\">\n            <div class=\"aux-media-image\"><img decoding=\"async\" loading=\"lazy\" width=\"386\" height=\"543\" src=\"http:\/\/www.dermaderm.com.tr\/wp-content\/uploads\/2023\/03\/brunette-woman-with-curly-SDVand-shiny-hair-P9EMMUU-40x56.png\" class=\" aux-preload aux-has-preview\" alt=\"brunette-woman-with-curly-SDVand-shiny-hair-P9EMMUU\" data-ratio=\"0.71\" data-original-w=\"386\" data-src=\"http:\/\/www.dermaderm.com.tr\/wp-content\/uploads\/2023\/03\/brunette-woman-with-curly-SDVand-shiny-hair-P9EMMUU.png\" \/><\/div>        <\/div>\n            <div class=\"aux-staff-content\">\n                        <h4 class=\"col-title\">Banita Meyer<\/h4>\n                        <h5 class=\"col-subtitle\">hairdresser<\/h5>\n                    <\/div>\n\n    <\/div>\n\n\n<\/section><!-- widget-container -->\t\t<\/div>\n\t\t\t\t<\/div>\n\t\t\t\t<div class=\"elementor-element elementor-element-2597530 elementor-widget__width-auto aux-appear-watch-animation aux-mask-from-top elementor-widget elementor-widget-aux_simple_svg\" data-id=\"2597530\" data-element_type=\"widget\" data-widget_type=\"aux_simple_svg.default\">\n\t\t\t\t<div class=\"elementor-widget-container\">\n\t\t\t    <div class=\"aux-widget-container aux-simple-svg-container\">\n        <div class=\"aux-widget-container-inner\">\n            <div class=\"aux-the-svg\"> <svg width=\"295\" height=\"393\">\n  <rect x=\"0\" y=\"0\" rx=\"0\" ry=\"0\" width=\"295\" height=\"393\" style=\"fill:#dcecfb;opacity:1\" \/>\n<\/svg> <\/div>\n        <\/div>\n    <\/div>\n    \t\t<\/div>\n\t\t\t\t<\/div>\n\t\t\t\t\t<\/div>\n\t\t<\/div>\n\t\t\t\t<div class=\"aux-parallax-section elementor-column elementor-col-33 elementor-inner-column elementor-element elementor-element-2ff57e2\" data-id=\"2ff57e2\" data-element_type=\"column\">\n\t\t\t<div class=\"elementor-widget-wrap elementor-element-populated\">\n\t\t\t\t\t\t\t\t<div class=\"elementor-element elementor-element-8454711 aux-appear-watch-animation aux-scale-up elementor-widget elementor-widget-aux_staff\" data-id=\"8454711\" data-element_type=\"widget\" data-widget_type=\"aux_staff.default\">\n\t\t\t\t<div class=\"elementor-widget-container\">\n\t\t\t<section class=\"aux-wrap-style-simple widget-container aux-widget-staff aux-parent-au65affc9a\">    <div class=\"aux-staff-container aux-staff-pos-top aux-staff-text-left aux-staff-text-dark \" >\n            <div class=\"aux-staff-header aux-staff-img-rect\">\n            <div class=\"aux-media-image\"><img decoding=\"async\" loading=\"lazy\" width=\"386\" height=\"543\" src=\"http:\/\/www.dermaderm.com.tr\/wp-content\/uploads\/2023\/03\/portrait-of-beautiful-girl-with-short-hairaD-PW7YJKA-40x56.png\" class=\" aux-preload aux-has-preview\" alt=\"portrait-of-beautiful-girl-with-short-hairaD-PW7YJKA\" data-ratio=\"0.71\" data-original-w=\"386\" data-src=\"http:\/\/www.dermaderm.com.tr\/wp-content\/uploads\/2023\/03\/portrait-of-beautiful-girl-with-short-hairaD-PW7YJKA.png\" \/><\/div>        <\/div>\n            <div class=\"aux-staff-content\">\n                        <h4 class=\"col-title\">Sahur Gibson<\/h4>\n                        <h5 class=\"col-subtitle\">Grimm<\/h5>\n                    <\/div>\n\n    <\/div>\n\n\n<\/section><!-- widget-container -->\t\t<\/div>\n\t\t\t\t<\/div>\n\t\t\t\t<div class=\"elementor-element elementor-element-e91e505 elementor-widget__width-auto aux-appear-watch-animation aux-mask-from-top elementor-widget elementor-widget-aux_simple_svg\" data-id=\"e91e505\" data-element_type=\"widget\" data-widget_type=\"aux_simple_svg.default\">\n\t\t\t\t<div class=\"elementor-widget-container\">\n\t\t\t    <div class=\"aux-widget-container aux-simple-svg-container\">\n        <div class=\"aux-widget-container-inner\">\n            <div class=\"aux-the-svg\"> <svg width=\"295\" height=\"273\">\n  <rect x=\"0\" y=\"0\" rx=\"0\" ry=\"0\" width=\"295\" height=\"273\" style=\"fill:#e6dcfb;opacity:1\" \/>\n<\/svg> <\/div>\n        <\/div>\n    <\/div>\n    \t\t<\/div>\n\t\t\t\t<\/div>\n\t\t\t\t\t<\/div>\n\t\t<\/div>\n\t\t\t\t\t\t\t<\/div>\n\t\t<\/section>\n\t\t\t\t\t<\/div>\n\t\t<\/div>\n\t\t\t\t\t\t\t<\/div>\n\t\t<\/section>\n\t\t\t\t<section class=\"elementor-section elementor-top-section elementor-element elementor-element-b713bdc elementor-section-boxed elementor-section-height-default elementor-section-height-default\" data-id=\"b713bdc\" data-element_type=\"section\">\n\t\t\t\t\t\t<div class=\"elementor-container elementor-column-gap-default\">\n\t\t\t\t\t<div class=\"aux-parallax-section elementor-column elementor-col-100 elementor-top-column elementor-element elementor-element-ff12b46 aux-appear-watch-animation aux-mask-from-right\" data-id=\"ff12b46\" data-element_type=\"column\" data-settings=\"{&quot;background_background&quot;:&quot;classic&quot;}\">\n\t\t\t<div class=\"elementor-widget-wrap elementor-element-populated\">\n\t\t\t\t\t\t\t\t<div class=\"elementor-element elementor-element-5c4086e elementor-widget__width-auto aux-appear-watch-animation aux-fade-in-up-2 elementor-widget elementor-widget-aux_modern_button\" data-id=\"5c4086e\" data-element_type=\"widget\" data-widget_type=\"aux_modern_button.default\">\n\t\t\t\t<div class=\"elementor-widget-container\">\n\t\t\t    <div class=\"aux-modern-button-wrapper aux-modern-button-align-left\" >\n        <span class=\"aux-lightbox-video \">            <a class=\"aux-modern-button aux-black aux-modern-button-md aux-modern-button-normal aux-modern-button-default aux-icon-left aux-open-video\" href=\"https:\/\/www.youtube.com\/watch?v=NwSo7K-eKJ4\" data-type=\"video\">\n                <div class=\"aux-overlay\"><\/div>\n                                    <div class=\"aux-icon \">\n                        <i aria-hidden=\"true\" class=\"auxicon2 auxicon2-play-triangle-1\"><\/i>                    <\/div>\n                                <div class=\"aux-text\">\n<span class=\"aux-text-before\">DERMADERM<\/span>                <\/div>\n            <\/a>\n            <\/span>\n    <\/div>\n\n    \t\t<\/div>\n\t\t\t\t<\/div>\n\t\t\t\t\t<\/div>\n\t\t<\/div>\n\t\t\t\t\t\t\t<\/div>\n\t\t<\/section>\n\t\t\t\t\t\t\t<\/div>\n\t\t","protected":false},"excerpt":{"rendered":"<p>DERMADERM BEAUTY PALACE Dermaderm, Gebze&#8217;de bulunan uzman ekipleriyle birlikte lazer epilasyon, cilt bak\u0131m\u0131, and\u00fclasyon terapisi, masaj, kal\u0131c\u0131 makyaj, so\u011fuk lipoliz, ayak ve t\u0131rnak bak\u0131m\u0131 gibi \u00e7e\u015fitli hizmetler sunmaktad\u0131r. Kaliteli hizmet anlay\u0131\u015f\u0131 ve profesyonel ekibimizle, m\u00fc\u015fterilerimize rahat, konforlu ve \u00f6zenli bir hizmet sunmaktay\u0131z. Rezervasyon, detayl\u0131 bilgi i\u00e7in bizimle ileti\u015fime ge\u00e7ebilirsiniz. Ekibimiz Hanga Johnson Management Salon Banita [&hellip;]<\/p>\n","protected":false},"author":1,"featured_media":0,"parent":0,"menu_order":0,"comment_status":"closed","ping_status":"closed","template":"templates\/page-builder-content.php","meta":{"content-type":"","footnotes":""},"yoast_head":"<!-- This site is optimized with the Yoast SEO plugin v21.1 - https:\/\/yoast.com\/wordpress\/plugins\/seo\/ -->\n<title>Hakk\u0131m\u0131zda - DERMADERM<\/title>\n<meta name=\"robots\" content=\"index, follow, max-snippet:-1, max-image-preview:large, max-video-preview:-1\" \/>\n<link rel=\"canonical\" href=\"http:\/\/www.dermaderm.com.tr\/index.php\/about\/\" \/>\n<meta property=\"og:locale\" content=\"tr_TR\" \/>\n<meta property=\"og:type\" content=\"article\" \/>\n<meta property=\"og:title\" content=\"Hakk\u0131m\u0131zda - DERMADERM\" \/>\n<meta property=\"og:description\" content=\"DERMADERM BEAUTY PALACE Dermaderm, Gebze&#8217;de bulunan uzman ekipleriyle birlikte lazer epilasyon, cilt bak\u0131m\u0131, and\u00fclasyon terapisi, masaj, kal\u0131c\u0131 makyaj, so\u011fuk lipoliz, ayak ve t\u0131rnak bak\u0131m\u0131 gibi \u00e7e\u015fitli hizmetler sunmaktad\u0131r. Kaliteli hizmet anlay\u0131\u015f\u0131 ve profesyonel ekibimizle, m\u00fc\u015fterilerimize rahat, konforlu ve \u00f6zenli bir hizmet sunmaktay\u0131z. Rezervasyon, detayl\u0131 bilgi i\u00e7in bizimle ileti\u015fime ge\u00e7ebilirsiniz. Ekibimiz Hanga Johnson Management Salon Banita [&hellip;]\" \/>\n<meta property=\"og:url\" content=\"http:\/\/www.dermaderm.com.tr\/index.php\/about\/\" \/>\n<meta property=\"og:site_name\" content=\"DERMADERM\" \/>\n<meta property=\"article:modified_time\" content=\"2023-09-07T22:48:12+00:00\" \/>\n<meta property=\"og:image\" content=\"http:\/\/www.dermaderm.com.tr\/wp-content\/uploads\/2023\/03\/kisspng-signature-clip-art-signature-5aacc16b0f2db5.5815282815212711470622-40x16.png\" \/>\n<meta name=\"twitter:card\" content=\"summary_large_image\" \/>\n<meta name=\"twitter:label1\" content=\"Tahmini okuma s\u00fcresi\" \/>\n\t<meta name=\"twitter:data1\" content=\"2 dakika\" \/>\n<script type=\"application\/ld+json\" class=\"yoast-schema-graph\">{\"@context\":\"https:\/\/schema.org\",\"@graph\":[{\"@type\":\"WebPage\",\"@id\":\"http:\/\/www.dermaderm.com.tr\/index.php\/about\/\",\"url\":\"http:\/\/www.dermaderm.com.tr\/index.php\/about\/\",\"name\":\"Hakk\u0131m\u0131zda - DERMADERM\",\"isPartOf\":{\"@id\":\"http:\/\/www.dermaderm.com.tr\/#website\"},\"datePublished\":\"2020-03-03T07:21:51+00:00\",\"dateModified\":\"2023-09-07T22:48:12+00:00\",\"breadcrumb\":{\"@id\":\"http:\/\/www.dermaderm.com.tr\/index.php\/about\/#breadcrumb\"},\"inLanguage\":\"tr\",\"potentialAction\":[{\"@type\":\"ReadAction\",\"target\":[\"http:\/\/www.dermaderm.com.tr\/index.php\/about\/\"]}]},{\"@type\":\"BreadcrumbList\",\"@id\":\"http:\/\/www.dermaderm.com.tr\/index.php\/about\/#breadcrumb\",\"itemListElement\":[{\"@type\":\"ListItem\",\"position\":1,\"name\":\"Home\",\"item\":\"http:\/\/www.dermaderm.com.tr\/\"},{\"@type\":\"ListItem\",\"position\":2,\"name\":\"Hakk\u0131m\u0131zda\"}]},{\"@type\":\"WebSite\",\"@id\":\"http:\/\/www.dermaderm.com.tr\/#website\",\"url\":\"http:\/\/www.dermaderm.com.tr\/\",\"name\":\"DERMADERM\",\"description\":\"G\u00fczellik merkezi\",\"publisher\":{\"@id\":\"http:\/\/www.dermaderm.com.tr\/#organization\"},\"potentialAction\":[{\"@type\":\"SearchAction\",\"target\":{\"@type\":\"EntryPoint\",\"urlTemplate\":\"http:\/\/www.dermaderm.com.tr\/?s={search_term_string}\"},\"query-input\":\"required name=search_term_string\"}],\"inLanguage\":\"tr\"},{\"@type\":\"Organization\",\"@id\":\"http:\/\/www.dermaderm.com.tr\/#organization\",\"name\":\"DERMADERM\",\"url\":\"http:\/\/www.dermaderm.com.tr\/\",\"logo\":{\"@type\":\"ImageObject\",\"inLanguage\":\"tr\",\"@id\":\"http:\/\/www.dermaderm.com.tr\/#\/schema\/logo\/image\/\",\"url\":\"http:\/\/www.dermaderm.com.tr\/wp-content\/uploads\/2023\/09\/cropped-Varlik-1.png\",\"contentUrl\":\"http:\/\/www.dermaderm.com.tr\/wp-content\/uploads\/2023\/09\/cropped-Varlik-1.png\",\"width\":305,\"height\":137,\"caption\":\"DERMADERM\"},\"image\":{\"@id\":\"http:\/\/www.dermaderm.com.tr\/#\/schema\/logo\/image\/\"}}]}<\/script>\n<!-- \/ Yoast SEO plugin. -->","yoast_head_json":{"title":"Hakk\u0131m\u0131zda - DERMADERM","robots":{"index":"index","follow":"follow","max-snippet":"max-snippet:-1","max-image-preview":"max-image-preview:large","max-video-preview":"max-video-preview:-1"},"canonical":"http:\/\/www.dermaderm.com.tr\/index.php\/about\/","og_locale":"tr_TR","og_type":"article","og_title":"Hakk\u0131m\u0131zda - DERMADERM","og_description":"DERMADERM BEAUTY PALACE Dermaderm, Gebze&#8217;de bulunan uzman ekipleriyle birlikte lazer epilasyon, cilt bak\u0131m\u0131, and\u00fclasyon terapisi, masaj, kal\u0131c\u0131 makyaj, so\u011fuk lipoliz, ayak ve t\u0131rnak bak\u0131m\u0131 gibi \u00e7e\u015fitli hizmetler sunmaktad\u0131r. Kaliteli hizmet anlay\u0131\u015f\u0131 ve profesyonel ekibimizle, m\u00fc\u015fterilerimize rahat, konforlu ve \u00f6zenli bir hizmet sunmaktay\u0131z. Rezervasyon, detayl\u0131 bilgi i\u00e7in bizimle ileti\u015fime ge\u00e7ebilirsiniz. Ekibimiz Hanga Johnson Management Salon Banita [&hellip;]","og_url":"http:\/\/www.dermaderm.com.tr\/index.php\/about\/","og_site_name":"DERMADERM","article_modified_time":"2023-09-07T22:48:12+00:00","og_image":[{"url":"http:\/\/www.dermaderm.com.tr\/wp-content\/uploads\/2023\/03\/kisspng-signature-clip-art-signature-5aacc16b0f2db5.5815282815212711470622-40x16.png"}],"twitter_card":"summary_large_image","twitter_misc":{"Tahmini okuma s\u00fcresi":"2 dakika"},"schema":{"@context":"https:\/\/schema.org","@graph":[{"@type":"WebPage","@id":"http:\/\/www.dermaderm.com.tr\/index.php\/about\/","url":"http:\/\/www.dermaderm.com.tr\/index.php\/about\/","name":"Hakk\u0131m\u0131zda - DERMADERM","isPartOf":{"@id":"http:\/\/www.dermaderm.com.tr\/#website"},"datePublished":"2020-03-03T07:21:51+00:00","dateModified":"2023-09-07T22:48:12+00:00","breadcrumb":{"@id":"http:\/\/www.dermaderm.com.tr\/index.php\/about\/#breadcrumb"},"inLanguage":"tr","potentialAction":[{"@type":"ReadAction","target":["http:\/\/www.dermaderm.com.tr\/index.php\/about\/"]}]},{"@type":"BreadcrumbList","@id":"http:\/\/www.dermaderm.com.tr\/index.php\/about\/#breadcrumb","itemListElement":[{"@type":"ListItem","position":1,"name":"Home","item":"http:\/\/www.dermaderm.com.tr\/"},{"@type":"ListItem","position":2,"name":"Hakk\u0131m\u0131zda"}]},{"@type":"WebSite","@id":"http:\/\/www.dermaderm.com.tr\/#website","url":"http:\/\/www.dermaderm.com.tr\/","name":"DERMADERM","description":"G\u00fczellik merkezi","publisher":{"@id":"http:\/\/www.dermaderm.com.tr\/#organization"},"potentialAction":[{"@type":"SearchAction","target":{"@type":"EntryPoint","urlTemplate":"http:\/\/www.dermaderm.com.tr\/?s={search_term_string}"},"query-input":"required name=search_term_string"}],"inLanguage":"tr"},{"@type":"Organization","@id":"http:\/\/www.dermaderm.com.tr\/#organization","name":"DERMADERM","url":"http:\/\/www.dermaderm.com.tr\/","logo":{"@type":"ImageObject","inLanguage":"tr","@id":"http:\/\/www.dermaderm.com.tr\/#\/schema\/logo\/image\/","url":"http:\/\/www.dermaderm.com.tr\/wp-content\/uploads\/2023\/09\/cropped-Varlik-1.png","contentUrl":"http:\/\/www.dermaderm.com.tr\/wp-content\/uploads\/2023\/09\/cropped-Varlik-1.png","width":305,"height":137,"caption":"DERMADERM"},"image":{"@id":"http:\/\/www.dermaderm.com.tr\/#\/schema\/logo\/image\/"}}]}},"_links":{"self":[{"href":"http:\/\/www.dermaderm.com.tr\/index.php\/wp-json\/wp\/v2\/pages\/370"}],"collection":[{"href":"http:\/\/www.dermaderm.com.tr\/index.php\/wp-json\/wp\/v2\/pages"}],"about":[{"href":"http:\/\/www.dermaderm.com.tr\/index.php\/wp-json\/wp\/v2\/types\/page"}],"author":[{"embeddable":true,"href":"http:\/\/www.dermaderm.com.tr\/index.php\/wp-json\/wp\/v2\/users\/1"}],"replies":[{"embeddable":true,"href":"http:\/\/www.dermaderm.com.tr\/index.php\/wp-json\/wp\/v2\/comments?post=370"}],"version-history":[{"count":10,"href":"http:\/\/www.dermaderm.com.tr\/index.php\/wp-json\/wp\/v2\/pages\/370\/revisions"}],"predecessor-version":[{"id":547,"href":"http:\/\/www.dermaderm.com.tr\/index.php\/wp-json\/wp\/v2\/pages\/370\/revisions\/547"}],"wp:attachment":[{"href":"http:\/\/www.dermaderm.com.tr\/index.php\/wp-json\/wp\/v2\/media?parent=370"}],"curies":[{"name":"wp","href":"https:\/\/api.w.org\/{rel}","templated":true}]}}